{"id":3302,"date":"2022-01-14T14:20:47","date_gmt":"2022-01-14T16:20:47","guid":{"rendered":"https:\/\/www.megami.lt\/shop\/"},"modified":"2024-08-09T10:33:43","modified_gmt":"2024-08-09T12:33:43","slug":"shop","status":"publish","type":"page","link":"https:\/\/www.megami.lt\/en\/shop\/","title":{"rendered":"Shop"},"content":{"rendered":"<p>[et_pb_section fb_built=&#8221;1&#8243; fullwidth=&#8221;on&#8221; _builder_version=&#8221;4.16&#8243; _module_preset=&#8221;default&#8221; global_colors_info=&#8221;{}&#8221;][et_pb_fullwidth_header title=&#8221;Kosmetikos parduotuv\u0117&#8221; button_one_url=&#8221;https:\/\/www.megami.lt\/en\/produkto-kategorija\/uncategorized\/&#8221; _builder_version=&#8221;4.24.2&#8243; _module_preset=&#8221;default&#8221; title_text_color=&#8221;#000000&#8243; content_text_color=&#8221;#000000&#8243; background_color=&#8221;#FFFFFF&#8221; background_image=&#8221;https:\/\/www.megami.lt\/wp-content\/uploads\/2022\/01\/florist-16.jpg&#8221; background_position=&#8221;top_center&#8221; custom_padding=&#8221;5%||||false|false&#8221; global_colors_info=&#8221;{}&#8221; button_one_text_color__hover_enabled=&#8221;on|hover&#8221; button_one_text_color__hover=&#8221;#4c9195&#8243; button_one_bg_color__hover_enabled=&#8221;on|desktop&#8221; button_one_bg_color__hover=&#8221;#FFFFFF&#8221; button_one_bg_enable_color__hover=&#8221;on&#8221; button_one_custom_padding__hover_enabled=&#8221;off|desktop&#8221; button_one_custom_margin__hover_enabled=&#8221;off|desktop&#8221;]<\/p>\n<p><span>M\u016bs\u0173 atstovaujam\u0173 gamintoj\u0173 <a href=\"https:\/\/www.megami.lt\/produkto-kategorija\/uncategorized\/farmogal\/\">FARMOGAL<\/a>, <a href=\"https:\/\/www.megami.lt\/produkto-kategorija\/uncategorized\/aestetic-project\/\">AESTETIC PROJECT<\/a> ir <a href=\"https:\/\/www.megami.lt\/produkto-kategorija\/uncategorized\/kripa-venezia\/\">KRIPA VENEZIA<\/a><\/span><br \/><span>garantuojama kokyb\u0117 n\u0117ra tik j\u0173 veikl\u0105 iliustruojantys \u017eod\u017eiai, atvirk\u0161\u010diai, <\/span><\/p>\n<p><span>tai po kiekvienos proced\u016bros matomi puik\u016bs rezultatai.<\/span><\/p>\n<p>[\/et_pb_fullwidth_header][\/et_pb_section][et_pb_section fb_built=&#8221;1&#8243; _builder_version=&#8221;4.24.2&#8243; _module_preset=&#8221;default&#8221; global_colors_info=&#8221;{}&#8221;][et_pb_row column_structure=&#8221;1_3,1_3,1_3&#8243; disabled_on=&#8221;off|off|off&#8221; _builder_version=&#8221;4.24.2&#8243; _module_preset=&#8221;default&#8221; width=&#8221;50%&#8221; width_tablet=&#8221;50%&#8221; width_phone=&#8221;90%&#8221; width_last_edited=&#8221;on|phone&#8221; custom_css_main_element=&#8221;display:flex;&#8221; locked=&#8221;off&#8221; global_colors_info=&#8221;{}&#8221;][et_pb_column type=&#8221;1_3&#8243; _builder_version=&#8221;4.23.1&#8243; _module_preset=&#8221;default&#8221; global_colors_info=&#8221;{}&#8221;][et_pb_image src=&#8221;https:\/\/www.megami.lt\/wp-content\/uploads\/2023\/12\/Farmogal-logo.jpg&#8221; title_text=&#8221;Farmogal logo&#8221; url=&#8221;https:\/\/www.megami.lt\/produkto-kategorija\/uncategorized\/farmogal\/&#8221; align=&#8221;center&#8221; _builder_version=&#8221;4.24.2&#8243; _module_preset=&#8221;default&#8221; max_width=&#8221;60%&#8221; max_width_tablet=&#8221;60%&#8221; max_width_phone=&#8221;80%&#8221; max_width_last_edited=&#8221;on|phone&#8221; global_colors_info=&#8221;{}&#8221;][\/et_pb_image][\/et_pb_column][et_pb_column type=&#8221;1_3&#8243; _builder_version=&#8221;4.23.1&#8243; _module_preset=&#8221;default&#8221; global_colors_info=&#8221;{}&#8221;][et_pb_image src=&#8221;https:\/\/www.megami.lt\/wp-content\/uploads\/2023\/12\/AE-logo.jpg&#8221; title_text=&#8221;AE logo&#8221; url=&#8221;https:\/\/www.megami.lt\/produkto-kategorija\/uncategorized\/aestetic-project\/&#8221; align=&#8221;center&#8221; _builder_version=&#8221;4.24.2&#8243; _module_preset=&#8221;default&#8221; max_width=&#8221;60%&#8221; max_width_tablet=&#8221;60%&#8221; max_width_phone=&#8221;80%&#8221; max_width_last_edited=&#8221;on|phone&#8221; global_colors_info=&#8221;{}&#8221;][\/et_pb_image][\/et_pb_column][et_pb_column type=&#8221;1_3&#8243; _builder_version=&#8221;4.23.1&#8243; _module_preset=&#8221;default&#8221; global_colors_info=&#8221;{}&#8221;][et_pb_image src=&#8221;https:\/\/www.megami.lt\/wp-content\/uploads\/2023\/12\/Kripa.jpg&#8221; title_text=&#8221;Kripa&#8221; url=&#8221;https:\/\/www.megami.lt\/produkto-kategorija\/uncategorized\/kripa-venezia\/&#8221; align=&#8221;center&#8221; _builder_version=&#8221;4.24.2&#8243; _module_preset=&#8221;default&#8221; max_width=&#8221;60%&#8221; max_width_tablet=&#8221;60%&#8221; max_width_phone=&#8221;80%&#8221; max_width_last_edited=&#8221;on|phone&#8221; global_colors_info=&#8221;{}&#8221;][\/et_pb_image][\/et_pb_column][\/et_pb_row][et_pb_row column_structure=&#8221;1_3,2_3&#8243; _builder_version=&#8221;4.24.2&#8243; _module_preset=&#8221;default&#8221; global_colors_info=&#8221;{}&#8221;][et_pb_column type=&#8221;1_3&#8243; _builder_version=&#8221;4.24.2&#8243; _module_preset=&#8221;default&#8221; global_colors_info=&#8221;{}&#8221;][et_pb_sidebar _builder_version=&#8221;4.24.2&#8243; _module_preset=&#8221;default&#8221; global_colors_info=&#8221;{}&#8221;][\/et_pb_sidebar][\/et_pb_column][et_pb_column type=&#8221;2_3&#8243; _builder_version=&#8221;4.24.2&#8243; _module_preset=&#8221;default&#8221; global_colors_info=&#8221;{}&#8221;][et_pb_shop posts_number=&#8221;24&#8243; show_pagination=&#8221;on&#8221; columns_number=&#8221;4&#8243; _builder_version=&#8221;4.24.2&#8243; _module_preset=&#8221;default&#8221; global_colors_info=&#8221;{}&#8221;][\/et_pb_shop][\/et_pb_column][\/et_pb_row][\/et_pb_section]<\/p>\n","protected":false},"excerpt":{"rendered":"<p>M\u016bs\u0173 atstovaujam\u0173 gamintoj\u0173 FARMOGAL, AESTETIC PROJECT ir KRIPA VENEZIAgarantuojama kokyb\u0117 n\u0117ra tik j\u0173 veikl\u0105 iliustruojantys \u017eod\u017eiai, atvirk\u0161\u010diai, tai po kiekvienos proced\u016bros matomi puik\u016bs rezultatai.<\/p>\n","protected":false},"author":1,"featured_media":0,"parent":0,"menu_order":0,"comment_status":"closed","ping_status":"closed","template":"","meta":{"_et_pb_use_builder":"on","_et_pb_old_content":"","_et_gb_content_width":"","footnotes":""},"class_list":["post-3302","page","type-page","status-publish","hentry"],"yoast_head":"<!-- This site is optimized with the Yoast SEO plugin v27.3 - https:\/\/yoast.com\/product\/yoast-seo-wordpress\/ -->\n<title>Shop - Megami<\/title>\n<meta name=\"robots\" content=\"index, follow, max-snippet:-1, max-image-preview:large, max-video-preview:-1\" \/>\n<link rel=\"canonical\" href=\"https:\/\/www.megami.lt\/en\/shop\/\" \/>\n<meta property=\"og:locale\" content=\"en_US\" \/>\n<meta property=\"og:type\" content=\"article\" \/>\n<meta property=\"og:title\" content=\"Shop - Megami\" \/>\n<meta property=\"og:description\" content=\"M\u016bs\u0173 atstovaujam\u0173 gamintoj\u0173 FARMOGAL, AESTETIC PROJECT ir KRIPA VENEZIAgarantuojama kokyb\u0117 n\u0117ra tik j\u0173 veikl\u0105 iliustruojantys \u017eod\u017eiai, atvirk\u0161\u010diai, tai po kiekvienos proced\u016bros matomi puik\u016bs rezultatai.\" \/>\n<meta property=\"og:url\" content=\"https:\/\/www.megami.lt\/en\/shop\/\" \/>\n<meta property=\"og:site_name\" content=\"Megami\" \/>\n<meta property=\"article:publisher\" content=\"https:\/\/www.facebook.com\/Megamistudija\" \/>\n<meta property=\"article:modified_time\" content=\"2024-08-09T12:33:43+00:00\" \/>\n<meta property=\"og:image\" content=\"https:\/\/www.megami.lt\/wp-content\/uploads\/2025\/07\/megami.jpeg\" \/>\n\t<meta property=\"og:image:width\" content=\"1920\" \/>\n\t<meta property=\"og:image:height\" content=\"1080\" \/>\n\t<meta property=\"og:image:type\" content=\"image\/jpeg\" \/>\n<meta name=\"twitter:card\" content=\"summary_large_image\" \/>\n<meta name=\"twitter:label1\" content=\"Est. reading time\" \/>\n\t<meta name=\"twitter:data1\" content=\"2 minutes\" \/>\n<script type=\"application\/ld+json\" class=\"yoast-schema-graph\">{\"@context\":\"https:\\\/\\\/schema.org\",\"@graph\":[{\"@type\":\"WebPage\",\"@id\":\"https:\\\/\\\/www.megami.lt\\\/en\\\/shop\\\/\",\"url\":\"https:\\\/\\\/www.megami.lt\\\/en\\\/shop\\\/\",\"name\":\"Shop - Megami\",\"isPartOf\":{\"@id\":\"https:\\\/\\\/www.megami.lt\\\/#website\"},\"datePublished\":\"2022-01-14T16:20:47+00:00\",\"dateModified\":\"2024-08-09T12:33:43+00:00\",\"breadcrumb\":{\"@id\":\"https:\\\/\\\/www.megami.lt\\\/en\\\/shop\\\/#breadcrumb\"},\"inLanguage\":\"en-US\",\"potentialAction\":[{\"@type\":\"ReadAction\",\"target\":[\"https:\\\/\\\/www.megami.lt\\\/en\\\/shop\\\/\"]}]},{\"@type\":\"BreadcrumbList\",\"@id\":\"https:\\\/\\\/www.megami.lt\\\/en\\\/shop\\\/#breadcrumb\",\"itemListElement\":[{\"@type\":\"ListItem\",\"position\":1,\"name\":\"Home\",\"item\":\"https:\\\/\\\/www.megami.lt\\\/en\\\/\"},{\"@type\":\"ListItem\",\"position\":2,\"name\":\"Shop\"}]},{\"@type\":\"WebSite\",\"@id\":\"https:\\\/\\\/www.megami.lt\\\/#website\",\"url\":\"https:\\\/\\\/www.megami.lt\\\/\",\"name\":\"Megami\",\"description\":\"Masa\u017eo ir gro\u017eio namai\",\"publisher\":{\"@id\":\"https:\\\/\\\/www.megami.lt\\\/#organization\"},\"potentialAction\":[{\"@type\":\"SearchAction\",\"target\":{\"@type\":\"EntryPoint\",\"urlTemplate\":\"https:\\\/\\\/www.megami.lt\\\/?s={search_term_string}\"},\"query-input\":{\"@type\":\"PropertyValueSpecification\",\"valueRequired\":true,\"valueName\":\"search_term_string\"}}],\"inLanguage\":\"en-US\"},{\"@type\":\"Organization\",\"@id\":\"https:\\\/\\\/www.megami.lt\\\/#organization\",\"name\":\"Megami\",\"url\":\"https:\\\/\\\/www.megami.lt\\\/\",\"logo\":{\"@type\":\"ImageObject\",\"inLanguage\":\"en-US\",\"@id\":\"https:\\\/\\\/www.megami.lt\\\/#\\\/schema\\\/logo\\\/image\\\/\",\"url\":\"https:\\\/\\\/www.megami.lt\\\/wp-content\\\/uploads\\\/2022\\\/06\\\/cropped-M-logo.png\",\"contentUrl\":\"https:\\\/\\\/www.megami.lt\\\/wp-content\\\/uploads\\\/2022\\\/06\\\/cropped-M-logo.png\",\"width\":512,\"height\":512,\"caption\":\"Megami\"},\"image\":{\"@id\":\"https:\\\/\\\/www.megami.lt\\\/#\\\/schema\\\/logo\\\/image\\\/\"},\"sameAs\":[\"https:\\\/\\\/www.facebook.com\\\/Megamistudija\"]}]}<\/script>\n<!-- \/ Yoast SEO plugin. -->","yoast_head_json":{"title":"Shop - Megami","robots":{"index":"index","follow":"follow","max-snippet":"max-snippet:-1","max-image-preview":"max-image-preview:large","max-video-preview":"max-video-preview:-1"},"canonical":"https:\/\/www.megami.lt\/en\/shop\/","og_locale":"en_US","og_type":"article","og_title":"Shop - Megami","og_description":"M\u016bs\u0173 atstovaujam\u0173 gamintoj\u0173 FARMOGAL, AESTETIC PROJECT ir KRIPA VENEZIAgarantuojama kokyb\u0117 n\u0117ra tik j\u0173 veikl\u0105 iliustruojantys \u017eod\u017eiai, atvirk\u0161\u010diai, tai po kiekvienos proced\u016bros matomi puik\u016bs rezultatai.","og_url":"https:\/\/www.megami.lt\/en\/shop\/","og_site_name":"Megami","article_publisher":"https:\/\/www.facebook.com\/Megamistudija","article_modified_time":"2024-08-09T12:33:43+00:00","og_image":[{"width":1920,"height":1080,"url":"https:\/\/www.megami.lt\/wp-content\/uploads\/2025\/07\/megami.jpeg","type":"image\/jpeg"}],"twitter_card":"summary_large_image","twitter_misc":{"Est. reading time":"2 minutes"},"schema":{"@context":"https:\/\/schema.org","@graph":[{"@type":"WebPage","@id":"https:\/\/www.megami.lt\/en\/shop\/","url":"https:\/\/www.megami.lt\/en\/shop\/","name":"Shop - Megami","isPartOf":{"@id":"https:\/\/www.megami.lt\/#website"},"datePublished":"2022-01-14T16:20:47+00:00","dateModified":"2024-08-09T12:33:43+00:00","breadcrumb":{"@id":"https:\/\/www.megami.lt\/en\/shop\/#breadcrumb"},"inLanguage":"en-US","potentialAction":[{"@type":"ReadAction","target":["https:\/\/www.megami.lt\/en\/shop\/"]}]},{"@type":"BreadcrumbList","@id":"https:\/\/www.megami.lt\/en\/shop\/#breadcrumb","itemListElement":[{"@type":"ListItem","position":1,"name":"Home","item":"https:\/\/www.megami.lt\/en\/"},{"@type":"ListItem","position":2,"name":"Shop"}]},{"@type":"WebSite","@id":"https:\/\/www.megami.lt\/#website","url":"https:\/\/www.megami.lt\/","name":"Megami","description":"Masa\u017eo ir gro\u017eio namai","publisher":{"@id":"https:\/\/www.megami.lt\/#organization"},"potentialAction":[{"@type":"SearchAction","target":{"@type":"EntryPoint","urlTemplate":"https:\/\/www.megami.lt\/?s={search_term_string}"},"query-input":{"@type":"PropertyValueSpecification","valueRequired":true,"valueName":"search_term_string"}}],"inLanguage":"en-US"},{"@type":"Organization","@id":"https:\/\/www.megami.lt\/#organization","name":"Megami","url":"https:\/\/www.megami.lt\/","logo":{"@type":"ImageObject","inLanguage":"en-US","@id":"https:\/\/www.megami.lt\/#\/schema\/logo\/image\/","url":"https:\/\/www.megami.lt\/wp-content\/uploads\/2022\/06\/cropped-M-logo.png","contentUrl":"https:\/\/www.megami.lt\/wp-content\/uploads\/2022\/06\/cropped-M-logo.png","width":512,"height":512,"caption":"Megami"},"image":{"@id":"https:\/\/www.megami.lt\/#\/schema\/logo\/image\/"},"sameAs":["https:\/\/www.facebook.com\/Megamistudija"]}]}},"_links":{"self":[{"href":"https:\/\/www.megami.lt\/en\/wp-json\/wp\/v2\/pages\/3302","targetHints":{"allow":["GET"]}}],"collection":[{"href":"https:\/\/www.megami.lt\/en\/wp-json\/wp\/v2\/pages"}],"about":[{"href":"https:\/\/www.megami.lt\/en\/wp-json\/wp\/v2\/types\/page"}],"author":[{"embeddable":true,"href":"https:\/\/www.megami.lt\/en\/wp-json\/wp\/v2\/users\/1"}],"replies":[{"embeddable":true,"href":"https:\/\/www.megami.lt\/en\/wp-json\/wp\/v2\/comments?post=3302"}],"version-history":[{"count":3,"href":"https:\/\/www.megami.lt\/en\/wp-json\/wp\/v2\/pages\/3302\/revisions"}],"predecessor-version":[{"id":4563,"href":"https:\/\/www.megami.lt\/en\/wp-json\/wp\/v2\/pages\/3302\/revisions\/4563"}],"wp:attachment":[{"href":"https:\/\/www.megami.lt\/en\/wp-json\/wp\/v2\/media?parent=3302"}],"curies":[{"name":"wp","href":"https:\/\/api.w.org\/{rel}","templated":true}]}}