{"id":3948,"date":"2019-06-05T05:49:09","date_gmt":"2019-06-05T07:49:09","guid":{"rendered":"https:\/\/www.megami.lt\/contacts\/"},"modified":"2024-10-07T08:20:13","modified_gmt":"2024-10-07T10:20:13","slug":"contacts","status":"publish","type":"page","link":"https:\/\/www.megami.lt\/en\/contacts\/","title":{"rendered":"Contacts"},"content":{"rendered":"<p>[et_pb_section fb_built=&#8221;1&#8243; custom_padding_last_edited=&#8221;on|phone&#8221; _builder_version=&#8221;4.23.1&#8243; background_color=&#8221;rgba(123,102,90,0.03)&#8221; min_height=&#8221;338px&#8221; custom_margin=&#8221;||||false|false&#8221; custom_padding=&#8221;3px||4px|||&#8221; custom_padding_tablet=&#8221;3px||4px|||&#8221; custom_padding_phone=&#8221;10px|40px||40px|false|true&#8221; global_colors_info=&#8221;{}&#8221;][et_pb_row column_structure=&#8221;1_2,1_2&#8243; use_custom_gutter=&#8221;on&#8221; gutter_width=&#8221;2&#8243; make_equal=&#8221;on&#8221; _builder_version=&#8221;4.16&#8243; width=&#8221;100%&#8221; global_colors_info=&#8221;{}&#8221;][et_pb_column type=&#8221;1_2&#8243; _builder_version=&#8221;4.16&#8243; custom_padding=&#8221;|||&#8221; global_colors_info=&#8221;{}&#8221; custom_padding__hover=&#8221;|||&#8221;][et_pb_blurb title=&#8221;MEGAMI AESTHETIC STUDIO&#8221; image=&#8221;https:\/\/www.megami.lt\/wp-content\/uploads\/2021\/12\/Megami-st2.jpg&#8221; _builder_version=&#8221;4.23.1&#8243; header_font=&#8221;|||on|||||&#8221; header_text_align=&#8221;left&#8221; header_text_color=&#8221;#000000&#8243; header_font_size=&#8221;18px&#8221; header_line_height=&#8221;1.5em&#8221; body_font=&#8221;||||||||&#8221; body_text_color=&#8221;#000000&#8243; hover_enabled=&#8221;0&#8243; global_colors_info=&#8221;{}&#8221; sticky_enabled=&#8221;0&#8243;]<\/p>\n<p>Parko g. 63,<br \/>Did\u017eioji rie\u0161\u0117<br \/>Vilnius district, LT-14261 (Vilnius)<\/p>\n<p>[\/et_pb_blurb][\/et_pb_column][et_pb_column type=&#8221;1_2&#8243; _builder_version=&#8221;4.16&#8243; custom_padding=&#8221;|||&#8221; global_colors_info=&#8221;{}&#8221; custom_padding__hover=&#8221;|||&#8221;][et_pb_blurb image=&#8221;https:\/\/www.megami.lt\/wp-content\/uploads\/2021\/12\/Megami-st1.jpg&#8221; _builder_version=&#8221;4.16&#8243; header_font=&#8221;|||on|||||&#8221; header_text_align=&#8221;left&#8221; header_text_color=&#8221;#000000&#8243; header_font_size=&#8221;18px&#8221; header_line_height=&#8221;1.5em&#8221; body_font=&#8221;||||||||&#8221; body_text_color=&#8221;#000000&#8243; global_colors_info=&#8221;{}&#8221;][\/et_pb_blurb][\/et_pb_column][\/et_pb_row][\/et_pb_section]<\/p>\n","protected":false},"excerpt":{"rendered":"<p>Parko g. 63,Did\u017eioji rie\u0161\u0117Vilnius district, LT-14261 (Vilnius)<\/p>\n","protected":false},"author":1,"featured_media":0,"parent":0,"menu_order":0,"comment_status":"closed","ping_status":"closed","template":"","meta":{"_et_pb_use_builder":"on","_et_pb_old_content":"","_et_gb_content_width":"","footnotes":""},"class_list":["post-3948","page","type-page","status-publish","hentry"],"yoast_head":"<!-- This site is optimized with the Yoast SEO plugin v27.4 - https:\/\/yoast.com\/product\/yoast-seo-wordpress\/ -->\n<title>Contacts - Megami<\/title>\n<meta name=\"robots\" content=\"index, follow, max-snippet:-1, max-image-preview:large, max-video-preview:-1\" \/>\n<link rel=\"canonical\" href=\"https:\/\/www.megami.lt\/en\/contacts\/\" \/>\n<meta property=\"og:locale\" content=\"en_US\" \/>\n<meta property=\"og:type\" content=\"article\" \/>\n<meta property=\"og:title\" content=\"Contacts - Megami\" \/>\n<meta property=\"og:description\" content=\"Parko g. 63,Did\u017eioji rie\u0161\u0117Vilnius district, LT-14261 (Vilnius)\" \/>\n<meta property=\"og:url\" content=\"https:\/\/www.megami.lt\/en\/contacts\/\" \/>\n<meta property=\"og:site_name\" content=\"Megami\" \/>\n<meta property=\"article:publisher\" content=\"https:\/\/www.facebook.com\/Megamistudija\" \/>\n<meta property=\"article:modified_time\" content=\"2024-10-07T10:20:13+00:00\" \/>\n<meta property=\"og:image\" content=\"https:\/\/www.megami.lt\/wp-content\/uploads\/2025\/07\/megami.jpeg\" \/>\n\t<meta property=\"og:image:width\" content=\"1920\" \/>\n\t<meta property=\"og:image:height\" content=\"1080\" \/>\n\t<meta property=\"og:image:type\" content=\"image\/jpeg\" \/>\n<meta name=\"twitter:card\" content=\"summary_large_image\" \/>\n<meta name=\"twitter:label1\" content=\"Est. reading time\" \/>\n\t<meta name=\"twitter:data1\" content=\"1 minute\" \/>\n<script type=\"application\/ld+json\" class=\"yoast-schema-graph\">{\"@context\":\"https:\\\/\\\/schema.org\",\"@graph\":[{\"@type\":\"WebPage\",\"@id\":\"https:\\\/\\\/www.megami.lt\\\/en\\\/contacts\\\/\",\"url\":\"https:\\\/\\\/www.megami.lt\\\/en\\\/contacts\\\/\",\"name\":\"Contacts - Megami\",\"isPartOf\":{\"@id\":\"https:\\\/\\\/www.megami.lt\\\/#website\"},\"datePublished\":\"2019-06-05T07:49:09+00:00\",\"dateModified\":\"2024-10-07T10:20:13+00:00\",\"breadcrumb\":{\"@id\":\"https:\\\/\\\/www.megami.lt\\\/en\\\/contacts\\\/#breadcrumb\"},\"inLanguage\":\"en-US\",\"potentialAction\":[{\"@type\":\"ReadAction\",\"target\":[\"https:\\\/\\\/www.megami.lt\\\/en\\\/contacts\\\/\"]}]},{\"@type\":\"BreadcrumbList\",\"@id\":\"https:\\\/\\\/www.megami.lt\\\/en\\\/contacts\\\/#breadcrumb\",\"itemListElement\":[{\"@type\":\"ListItem\",\"position\":1,\"name\":\"Home\",\"item\":\"https:\\\/\\\/www.megami.lt\\\/en\\\/\"},{\"@type\":\"ListItem\",\"position\":2,\"name\":\"Contacts\"}]},{\"@type\":\"WebSite\",\"@id\":\"https:\\\/\\\/www.megami.lt\\\/#website\",\"url\":\"https:\\\/\\\/www.megami.lt\\\/\",\"name\":\"Megami\",\"description\":\"Masa\u017eo ir gro\u017eio namai\",\"publisher\":{\"@id\":\"https:\\\/\\\/www.megami.lt\\\/#organization\"},\"potentialAction\":[{\"@type\":\"SearchAction\",\"target\":{\"@type\":\"EntryPoint\",\"urlTemplate\":\"https:\\\/\\\/www.megami.lt\\\/?s={search_term_string}\"},\"query-input\":{\"@type\":\"PropertyValueSpecification\",\"valueRequired\":true,\"valueName\":\"search_term_string\"}}],\"inLanguage\":\"en-US\"},{\"@type\":\"Organization\",\"@id\":\"https:\\\/\\\/www.megami.lt\\\/#organization\",\"name\":\"Megami\",\"url\":\"https:\\\/\\\/www.megami.lt\\\/\",\"logo\":{\"@type\":\"ImageObject\",\"inLanguage\":\"en-US\",\"@id\":\"https:\\\/\\\/www.megami.lt\\\/#\\\/schema\\\/logo\\\/image\\\/\",\"url\":\"https:\\\/\\\/www.megami.lt\\\/wp-content\\\/uploads\\\/2022\\\/06\\\/cropped-M-logo.png\",\"contentUrl\":\"https:\\\/\\\/www.megami.lt\\\/wp-content\\\/uploads\\\/2022\\\/06\\\/cropped-M-logo.png\",\"width\":512,\"height\":512,\"caption\":\"Megami\"},\"image\":{\"@id\":\"https:\\\/\\\/www.megami.lt\\\/#\\\/schema\\\/logo\\\/image\\\/\"},\"sameAs\":[\"https:\\\/\\\/www.facebook.com\\\/Megamistudija\"]}]}<\/script>\n<!-- \/ Yoast SEO plugin. -->","yoast_head_json":{"title":"Contacts - Megami","robots":{"index":"index","follow":"follow","max-snippet":"max-snippet:-1","max-image-preview":"max-image-preview:large","max-video-preview":"max-video-preview:-1"},"canonical":"https:\/\/www.megami.lt\/en\/contacts\/","og_locale":"en_US","og_type":"article","og_title":"Contacts - Megami","og_description":"Parko g. 63,Did\u017eioji rie\u0161\u0117Vilnius district, LT-14261 (Vilnius)","og_url":"https:\/\/www.megami.lt\/en\/contacts\/","og_site_name":"Megami","article_publisher":"https:\/\/www.facebook.com\/Megamistudija","article_modified_time":"2024-10-07T10:20:13+00:00","og_image":[{"width":1920,"height":1080,"url":"https:\/\/www.megami.lt\/wp-content\/uploads\/2025\/07\/megami.jpeg","type":"image\/jpeg"}],"twitter_card":"summary_large_image","twitter_misc":{"Est. reading time":"1 minute"},"schema":{"@context":"https:\/\/schema.org","@graph":[{"@type":"WebPage","@id":"https:\/\/www.megami.lt\/en\/contacts\/","url":"https:\/\/www.megami.lt\/en\/contacts\/","name":"Contacts - Megami","isPartOf":{"@id":"https:\/\/www.megami.lt\/#website"},"datePublished":"2019-06-05T07:49:09+00:00","dateModified":"2024-10-07T10:20:13+00:00","breadcrumb":{"@id":"https:\/\/www.megami.lt\/en\/contacts\/#breadcrumb"},"inLanguage":"en-US","potentialAction":[{"@type":"ReadAction","target":["https:\/\/www.megami.lt\/en\/contacts\/"]}]},{"@type":"BreadcrumbList","@id":"https:\/\/www.megami.lt\/en\/contacts\/#breadcrumb","itemListElement":[{"@type":"ListItem","position":1,"name":"Home","item":"https:\/\/www.megami.lt\/en\/"},{"@type":"ListItem","position":2,"name":"Contacts"}]},{"@type":"WebSite","@id":"https:\/\/www.megami.lt\/#website","url":"https:\/\/www.megami.lt\/","name":"Megami","description":"Masa\u017eo ir gro\u017eio namai","publisher":{"@id":"https:\/\/www.megami.lt\/#organization"},"potentialAction":[{"@type":"SearchAction","target":{"@type":"EntryPoint","urlTemplate":"https:\/\/www.megami.lt\/?s={search_term_string}"},"query-input":{"@type":"PropertyValueSpecification","valueRequired":true,"valueName":"search_term_string"}}],"inLanguage":"en-US"},{"@type":"Organization","@id":"https:\/\/www.megami.lt\/#organization","name":"Megami","url":"https:\/\/www.megami.lt\/","logo":{"@type":"ImageObject","inLanguage":"en-US","@id":"https:\/\/www.megami.lt\/#\/schema\/logo\/image\/","url":"https:\/\/www.megami.lt\/wp-content\/uploads\/2022\/06\/cropped-M-logo.png","contentUrl":"https:\/\/www.megami.lt\/wp-content\/uploads\/2022\/06\/cropped-M-logo.png","width":512,"height":512,"caption":"Megami"},"image":{"@id":"https:\/\/www.megami.lt\/#\/schema\/logo\/image\/"},"sameAs":["https:\/\/www.facebook.com\/Megamistudija"]}]}},"_links":{"self":[{"href":"https:\/\/www.megami.lt\/en\/wp-json\/wp\/v2\/pages\/3948","targetHints":{"allow":["GET"]}}],"collection":[{"href":"https:\/\/www.megami.lt\/en\/wp-json\/wp\/v2\/pages"}],"about":[{"href":"https:\/\/www.megami.lt\/en\/wp-json\/wp\/v2\/types\/page"}],"author":[{"embeddable":true,"href":"https:\/\/www.megami.lt\/en\/wp-json\/wp\/v2\/users\/1"}],"replies":[{"embeddable":true,"href":"https:\/\/www.megami.lt\/en\/wp-json\/wp\/v2\/comments?post=3948"}],"version-history":[{"count":8,"href":"https:\/\/www.megami.lt\/en\/wp-json\/wp\/v2\/pages\/3948\/revisions"}],"predecessor-version":[{"id":5006,"href":"https:\/\/www.megami.lt\/en\/wp-json\/wp\/v2\/pages\/3948\/revisions\/5006"}],"wp:attachment":[{"href":"https:\/\/www.megami.lt\/en\/wp-json\/wp\/v2\/media?parent=3948"}],"curies":[{"name":"wp","href":"https:\/\/api.w.org\/{rel}","templated":true}]}}