{"id":4569,"date":"2019-10-30T11:08:18","date_gmt":"2019-10-30T13:08:18","guid":{"rendered":"https:\/\/www.megami.lt\/proceduras\/make-up\/"},"modified":"2024-08-09T11:07:42","modified_gmt":"2024-08-09T13:07:42","slug":"make-up","status":"publish","type":"page","link":"https:\/\/www.megami.lt\/lv\/proceduras\/make-up\/","title":{"rendered":"Make-up"},"content":{"rendered":"<p>[et_pb_section fb_built=&#8221;1&#8243; _builder_version=&#8221;4.16&#8243; background_color=&#8221;#f5f5f5&#8243; min_height=&#8221;338px&#8221; custom_padding=&#8221;0px||0px|||&#8221; global_colors_info=&#8221;{}&#8221;][et_pb_row column_structure=&#8221;1_2,1_2&#8243; use_custom_gutter=&#8221;on&#8221; gutter_width=&#8221;1&#8243; make_equal=&#8221;on&#8221; _builder_version=&#8221;4.16&#8243; custom_padding=&#8221;0px||0px||true|&#8221; global_colors_info=&#8221;{}&#8221;][et_pb_column type=&#8221;1_2&#8243; _builder_version=&#8221;4.16&#8243; custom_padding=&#8221;|||&#8221; global_colors_info=&#8221;{}&#8221; custom_padding__hover=&#8221;|||&#8221;][et_pb_text _builder_version=&#8221;4.16&#8243; text_font=&#8221;||||||||&#8221; header_font=&#8221;||||||||&#8221; header_2_font=&#8221;||||||||&#8221; custom_padding=&#8221;40px|40px||40px|false|true&#8221; global_colors_info=&#8221;{}&#8221;]<\/p>\n<h2>Dienas make-up<\/h2>\n<p>Tas ir viegls, smalks grims darbam, lekcij\u0101m un lieti\u0161\u0137\u0101m tik\u0161an\u0101s reiz\u0113m. Tas ir smalks veids, k\u0101 izcelt sejas iez\u012bmes. J\u016bsu seja izskat\u012bsies dz\u012bv\u012bg\u0101ka, \u0101da izskat\u012bsies gai\u0161\u0101ka un j\u016bs izskat\u012bsieties profesion\u0101l\u0101k.<\/p>\n<p>Make-up tiek veikts tikai ar profesion\u0101las kvalit\u0101tes kosm\u0113tiku &#8220;Make Up Forever&#8221;, &#8220;Atelerie&#8221; un ar 100% dab\u012bgo organisko kosm\u0113tiku &#8220;Kripa Venezia&#8221;.<\/p>\n<p>&nbsp;<\/p>\n<p>Make-up cena &#8211; 50 min. \/ 40,-\u20ac<\/p>\n<p>[\/et_pb_text][\/et_pb_column][et_pb_column type=&#8221;1_2&#8243; _builder_version=&#8221;4.16&#8243; custom_padding=&#8221;|||&#8221; global_colors_info=&#8221;{}&#8221; custom_padding__hover=&#8221;|||&#8221;][et_pb_text _builder_version=&#8221;4.16&#8243; text_font=&#8221;||||||||&#8221; header_font=&#8221;||||||||&#8221; header_2_font=&#8221;||||||||&#8221; custom_padding=&#8221;40px|40px||40px|false|true&#8221; global_colors_info=&#8221;{}&#8221;]<\/p>\n<h2>Neregul\u0101rs &#8211; vakara grims<\/h2>\n<p>Neregul\u0101rais grims ir spilgt\u0101ks nek\u0101 dienas grims. Acis un l\u016bpas ir izteikt\u0101kas, un sejas model\u0113\u0161anas princips ir &#8220;bag\u0101t\u0101ks&#8221;. Kr\u0101sas tiek pieska\u0146otas t\u0113rpam atkar\u012bb\u0101 no gad\u012bjuma rakstura.<\/p>\n<p>Izmantotie l\u012bdzek\u013ci:<br \/>Grima pamatnes (sejas un acu), skropstu tu\u0161a, kr\u0113mveida p\u016bderis, acu \u0113nas, birsto\u0161s p\u016bderis, acu un l\u016bpu z\u012bmu\u013ci, vajadz\u012bbas gad\u012bjum\u0101 acu laineris, l\u016bpu kr\u0101sa, l\u016bpu sp\u012bdums, s\u0101rtums, sejas model\u0113\u0161anas l\u012bdzeklis, skropstu tu\u0161a. Visi grima l\u012bdzek\u013ci ir profesion\u0101li &#8211; Make Up For Ever, Atelerie, SLA u. c.<\/p>\n<p>Make-up cena &#8211; 60 &#8211; 90 min. \/ 65,- \u20ac<\/p>\n<p>[\/et_pb_text][\/et_pb_column][\/et_pb_row][et_pb_row column_structure=&#8221;1_2,1_2&#8243; use_custom_gutter=&#8221;on&#8221; gutter_width=&#8221;1&#8243; make_equal=&#8221;on&#8221; _builder_version=&#8221;4.16&#8243; custom_padding=&#8221;0px||0px||true|&#8221; global_colors_info=&#8221;{}&#8221;][et_pb_column type=&#8221;1_2&#8243; _builder_version=&#8221;4.16&#8243; custom_padding=&#8221;|||&#8221; global_colors_info=&#8221;{}&#8221; custom_padding__hover=&#8221;|||&#8221;][et_pb_text _builder_version=&#8221;4.16&#8243; text_font=&#8221;||||||||&#8221; header_font=&#8221;||||||||&#8221; header_2_font=&#8221;||||||||&#8221; custom_padding=&#8221;40px|40px||40px||true&#8221; global_colors_info=&#8221;{}&#8221;]<\/p>\n<h2>Vestuvinis makia\u017eas<\/h2>\n<p>K\u0101zu grims ir \u012bpa\u0161s, un tam ir daudz nian\u0161u.<\/p>\n<p>M\u0113r\u0137is ir ne tikai pasl\u0113pt nepiln\u012bbas vai pat nosl\u0113pt gandr\u012bz visas sejas iez\u012bmes un uzz\u012bm\u0113t t\u0101s no jauna, bet ar\u012b sapl\u016bst vair\u0101kas grima tehnikas:<br \/>Dienas, sv\u0113tku, foto un vakara grims. Galu gal\u0101 l\u012bgavai ir j\u0101izskat\u0101s nevainojami gan pa\u0161ai, gan viesu priek\u0161\u0101 un, protams, fotogr\u0101fij\u0101s. L\u012bgavas grimam ir j\u0101saglab\u0101 s\u0101kotn\u0113jais izskats visas dienas garum\u0101, t\u0101p\u0113c tas oblig\u0101ti j\u0101pielieto tikai ar profesion\u0101liem l\u012bdzek\u013ciem.<\/p>\n<p>Visi izmantotie grima l\u012bdzek\u013ci ir profesion\u0101li &#8211; Make Up For Ever, Atelerie, Kripa Venezia u. c.<\/p>\n<p>Make-up ilgums &#8211; 90 min\u016btes.<br \/>Make-up cena &#8211; 80,- \u20ac<\/p>\n<p>&nbsp;<\/p>\n<p>[\/et_pb_text][\/et_pb_column][et_pb_column type=&#8221;1_2&#8243; _builder_version=&#8221;4.16&#8243; custom_padding=&#8221;|||&#8221; global_colors_info=&#8221;{}&#8221; custom_padding__hover=&#8221;|||&#8221;][et_pb_text _builder_version=&#8221;4.16&#8243; text_font=&#8221;||||||||&#8221; header_font=&#8221;||||||||&#8221; header_2_font=&#8221;||||||||&#8221; custom_padding=&#8221;40px|40px||40px||true&#8221; global_colors_info=&#8221;{}&#8221;]<\/p>\n<h2>Foto grims<\/h2>\n<p>Fotoobjekt\u012bvs un gaisma samazina eso\u0161\u0101 grima intensit\u0101ti l\u012bdz pat 70 %, t\u0101p\u0113c \u0161im grimam j\u0101b\u016bt v\u0113l spilgt\u0101kam nek\u0101 parastam dienas vai pat gad\u012bjuma grimam.<\/p>\n<p>Foto grims nav dabisks, jo tas ietver lielu daudzumu p\u016bdera, p\u0101rsp\u012bl\u0113ti spilgtas l\u016bpas un acis, k\u0101 ar\u012b milz\u012bgas piel\u012bm\u0113tas skropstas. Tas ir nepiecie\u0161ams, jo studijas str\u0101d\u0101 ar daudz gaismas, un gai\u0161s, b\u0101ls grims absorb\u0113 gaismu, un grims nav redzams.<\/p>\n<p>Visi grima l\u012bdzek\u013ci ir profesion\u0101li &#8211; Make Up For Ever. &#8220;Atelerie&#8221;, &#8220;Kripa Venezia&#8221; utt.<\/p>\n<p>Make-up cena &#8211; 60-90 min. \/ 50,- \u20ac<\/p>\n<p>[\/et_pb_text][\/et_pb_column][\/et_pb_row][\/et_pb_section]<\/p>\n","protected":false},"excerpt":{"rendered":"<p>Dienas make-up Tas ir viegls, smalks grims darbam, lekcij\u0101m un lieti\u0161\u0137\u0101m tik\u0161an\u0101s reiz\u0113m. Tas ir smalks veids, k\u0101 izcelt sejas iez\u012bmes. J\u016bsu seja izskat\u012bsies dz\u012bv\u012bg\u0101ka, \u0101da izskat\u012bsies gai\u0161\u0101ka un j\u016bs izskat\u012bsieties profesion\u0101l\u0101k. Make-up tiek veikts tikai ar profesion\u0101las kvalit\u0101tes kosm\u0113tiku &#8220;Make Up Forever&#8221;, &#8220;Atelerie&#8221; un ar 100% dab\u012bgo organisko kosm\u0113tiku &#8220;Kripa Venezia&#8221;. &nbsp; Make-up cena [&hellip;]<\/p>\n","protected":false},"author":1,"featured_media":0,"parent":4566,"menu_order":0,"comment_status":"closed","ping_status":"closed","template":"","meta":{"_et_pb_use_builder":"on","_et_pb_old_content":"","_et_gb_content_width":"","footnotes":""},"class_list":["post-4569","page","type-page","status-publish","hentry"],"yoast_head":"<!-- This site is optimized with the Yoast SEO plugin v27.3 - https:\/\/yoast.com\/product\/yoast-seo-wordpress\/ -->\n<title>Make-up - Megami<\/title>\n<meta name=\"robots\" content=\"index, follow, max-snippet:-1, max-image-preview:large, max-video-preview:-1\" \/>\n<link rel=\"canonical\" href=\"https:\/\/www.megami.lt\/lv\/proceduras\/make-up\/\" \/>\n<meta property=\"og:locale\" content=\"lv_LV\" \/>\n<meta property=\"og:type\" content=\"article\" \/>\n<meta property=\"og:title\" content=\"Make-up - Megami\" \/>\n<meta property=\"og:description\" content=\"Dienas make-up Tas ir viegls, smalks grims darbam, lekcij\u0101m un lieti\u0161\u0137\u0101m tik\u0161an\u0101s reiz\u0113m. Tas ir smalks veids, k\u0101 izcelt sejas iez\u012bmes. J\u016bsu seja izskat\u012bsies dz\u012bv\u012bg\u0101ka, \u0101da izskat\u012bsies gai\u0161\u0101ka un j\u016bs izskat\u012bsieties profesion\u0101l\u0101k. Make-up tiek veikts tikai ar profesion\u0101las kvalit\u0101tes kosm\u0113tiku &quot;Make Up Forever&quot;, &quot;Atelerie&quot; un ar 100% dab\u012bgo organisko kosm\u0113tiku &quot;Kripa Venezia&quot;. &nbsp; Make-up cena [&hellip;]\" \/>\n<meta property=\"og:url\" content=\"https:\/\/www.megami.lt\/lv\/proceduras\/make-up\/\" \/>\n<meta property=\"og:site_name\" content=\"Megami\" \/>\n<meta property=\"article:publisher\" content=\"https:\/\/www.facebook.com\/Megamistudija\" \/>\n<meta property=\"article:modified_time\" content=\"2024-08-09T13:07:42+00:00\" \/>\n<meta property=\"og:image\" content=\"https:\/\/www.megami.lt\/wp-content\/uploads\/2025\/07\/megami.jpeg\" \/>\n\t<meta property=\"og:image:width\" content=\"1920\" \/>\n\t<meta property=\"og:image:height\" content=\"1080\" \/>\n\t<meta property=\"og:image:type\" content=\"image\/jpeg\" \/>\n<meta name=\"twitter:card\" content=\"summary_large_image\" \/>\n<meta name=\"twitter:label1\" content=\"Est. reading time\" \/>\n\t<meta name=\"twitter:data1\" content=\"3 minutes\" \/>\n<script type=\"application\/ld+json\" class=\"yoast-schema-graph\">{\"@context\":\"https:\\\/\\\/schema.org\",\"@graph\":[{\"@type\":\"WebPage\",\"@id\":\"https:\\\/\\\/www.megami.lt\\\/lv\\\/proceduras\\\/make-up\\\/\",\"url\":\"https:\\\/\\\/www.megami.lt\\\/lv\\\/proceduras\\\/make-up\\\/\",\"name\":\"Make-up - Megami\",\"isPartOf\":{\"@id\":\"https:\\\/\\\/www.megami.lt\\\/#website\"},\"datePublished\":\"2019-10-30T13:08:18+00:00\",\"dateModified\":\"2024-08-09T13:07:42+00:00\",\"breadcrumb\":{\"@id\":\"https:\\\/\\\/www.megami.lt\\\/lv\\\/proceduras\\\/make-up\\\/#breadcrumb\"},\"inLanguage\":\"lv-LV\",\"potentialAction\":[{\"@type\":\"ReadAction\",\"target\":[\"https:\\\/\\\/www.megami.lt\\\/lv\\\/proceduras\\\/make-up\\\/\"]}]},{\"@type\":\"BreadcrumbList\",\"@id\":\"https:\\\/\\\/www.megami.lt\\\/lv\\\/proceduras\\\/make-up\\\/#breadcrumb\",\"itemListElement\":[{\"@type\":\"ListItem\",\"position\":1,\"name\":\"Home\",\"item\":\"https:\\\/\\\/www.megami.lt\\\/lv\\\/\"},{\"@type\":\"ListItem\",\"position\":2,\"name\":\"Proced\u016bras\",\"item\":\"https:\\\/\\\/www.megami.lt\\\/lv\\\/proceduras\\\/\"},{\"@type\":\"ListItem\",\"position\":3,\"name\":\"Make-up\"}]},{\"@type\":\"WebSite\",\"@id\":\"https:\\\/\\\/www.megami.lt\\\/#website\",\"url\":\"https:\\\/\\\/www.megami.lt\\\/\",\"name\":\"Megami\",\"description\":\"Masa\u017eo ir gro\u017eio namai\",\"publisher\":{\"@id\":\"https:\\\/\\\/www.megami.lt\\\/#organization\"},\"potentialAction\":[{\"@type\":\"SearchAction\",\"target\":{\"@type\":\"EntryPoint\",\"urlTemplate\":\"https:\\\/\\\/www.megami.lt\\\/?s={search_term_string}\"},\"query-input\":{\"@type\":\"PropertyValueSpecification\",\"valueRequired\":true,\"valueName\":\"search_term_string\"}}],\"inLanguage\":\"lv-LV\"},{\"@type\":\"Organization\",\"@id\":\"https:\\\/\\\/www.megami.lt\\\/#organization\",\"name\":\"Megami\",\"url\":\"https:\\\/\\\/www.megami.lt\\\/\",\"logo\":{\"@type\":\"ImageObject\",\"inLanguage\":\"lv-LV\",\"@id\":\"https:\\\/\\\/www.megami.lt\\\/#\\\/schema\\\/logo\\\/image\\\/\",\"url\":\"https:\\\/\\\/www.megami.lt\\\/wp-content\\\/uploads\\\/2022\\\/06\\\/cropped-M-logo.png\",\"contentUrl\":\"https:\\\/\\\/www.megami.lt\\\/wp-content\\\/uploads\\\/2022\\\/06\\\/cropped-M-logo.png\",\"width\":512,\"height\":512,\"caption\":\"Megami\"},\"image\":{\"@id\":\"https:\\\/\\\/www.megami.lt\\\/#\\\/schema\\\/logo\\\/image\\\/\"},\"sameAs\":[\"https:\\\/\\\/www.facebook.com\\\/Megamistudija\"]}]}<\/script>\n<!-- \/ Yoast SEO plugin. -->","yoast_head_json":{"title":"Make-up - Megami","robots":{"index":"index","follow":"follow","max-snippet":"max-snippet:-1","max-image-preview":"max-image-preview:large","max-video-preview":"max-video-preview:-1"},"canonical":"https:\/\/www.megami.lt\/lv\/proceduras\/make-up\/","og_locale":"lv_LV","og_type":"article","og_title":"Make-up - Megami","og_description":"Dienas make-up Tas ir viegls, smalks grims darbam, lekcij\u0101m un lieti\u0161\u0137\u0101m tik\u0161an\u0101s reiz\u0113m. Tas ir smalks veids, k\u0101 izcelt sejas iez\u012bmes. J\u016bsu seja izskat\u012bsies dz\u012bv\u012bg\u0101ka, \u0101da izskat\u012bsies gai\u0161\u0101ka un j\u016bs izskat\u012bsieties profesion\u0101l\u0101k. Make-up tiek veikts tikai ar profesion\u0101las kvalit\u0101tes kosm\u0113tiku \"Make Up Forever\", \"Atelerie\" un ar 100% dab\u012bgo organisko kosm\u0113tiku \"Kripa Venezia\". &nbsp; Make-up cena [&hellip;]","og_url":"https:\/\/www.megami.lt\/lv\/proceduras\/make-up\/","og_site_name":"Megami","article_publisher":"https:\/\/www.facebook.com\/Megamistudija","article_modified_time":"2024-08-09T13:07:42+00:00","og_image":[{"width":1920,"height":1080,"url":"https:\/\/www.megami.lt\/wp-content\/uploads\/2025\/07\/megami.jpeg","type":"image\/jpeg"}],"twitter_card":"summary_large_image","twitter_misc":{"Est. reading time":"3 minutes"},"schema":{"@context":"https:\/\/schema.org","@graph":[{"@type":"WebPage","@id":"https:\/\/www.megami.lt\/lv\/proceduras\/make-up\/","url":"https:\/\/www.megami.lt\/lv\/proceduras\/make-up\/","name":"Make-up - Megami","isPartOf":{"@id":"https:\/\/www.megami.lt\/#website"},"datePublished":"2019-10-30T13:08:18+00:00","dateModified":"2024-08-09T13:07:42+00:00","breadcrumb":{"@id":"https:\/\/www.megami.lt\/lv\/proceduras\/make-up\/#breadcrumb"},"inLanguage":"lv-LV","potentialAction":[{"@type":"ReadAction","target":["https:\/\/www.megami.lt\/lv\/proceduras\/make-up\/"]}]},{"@type":"BreadcrumbList","@id":"https:\/\/www.megami.lt\/lv\/proceduras\/make-up\/#breadcrumb","itemListElement":[{"@type":"ListItem","position":1,"name":"Home","item":"https:\/\/www.megami.lt\/lv\/"},{"@type":"ListItem","position":2,"name":"Proced\u016bras","item":"https:\/\/www.megami.lt\/lv\/proceduras\/"},{"@type":"ListItem","position":3,"name":"Make-up"}]},{"@type":"WebSite","@id":"https:\/\/www.megami.lt\/#website","url":"https:\/\/www.megami.lt\/","name":"Megami","description":"Masa\u017eo ir gro\u017eio namai","publisher":{"@id":"https:\/\/www.megami.lt\/#organization"},"potentialAction":[{"@type":"SearchAction","target":{"@type":"EntryPoint","urlTemplate":"https:\/\/www.megami.lt\/?s={search_term_string}"},"query-input":{"@type":"PropertyValueSpecification","valueRequired":true,"valueName":"search_term_string"}}],"inLanguage":"lv-LV"},{"@type":"Organization","@id":"https:\/\/www.megami.lt\/#organization","name":"Megami","url":"https:\/\/www.megami.lt\/","logo":{"@type":"ImageObject","inLanguage":"lv-LV","@id":"https:\/\/www.megami.lt\/#\/schema\/logo\/image\/","url":"https:\/\/www.megami.lt\/wp-content\/uploads\/2022\/06\/cropped-M-logo.png","contentUrl":"https:\/\/www.megami.lt\/wp-content\/uploads\/2022\/06\/cropped-M-logo.png","width":512,"height":512,"caption":"Megami"},"image":{"@id":"https:\/\/www.megami.lt\/#\/schema\/logo\/image\/"},"sameAs":["https:\/\/www.facebook.com\/Megamistudija"]}]}},"_links":{"self":[{"href":"https:\/\/www.megami.lt\/lv\/wp-json\/wp\/v2\/pages\/4569","targetHints":{"allow":["GET"]}}],"collection":[{"href":"https:\/\/www.megami.lt\/lv\/wp-json\/wp\/v2\/pages"}],"about":[{"href":"https:\/\/www.megami.lt\/lv\/wp-json\/wp\/v2\/types\/page"}],"author":[{"embeddable":true,"href":"https:\/\/www.megami.lt\/lv\/wp-json\/wp\/v2\/users\/1"}],"replies":[{"embeddable":true,"href":"https:\/\/www.megami.lt\/lv\/wp-json\/wp\/v2\/comments?post=4569"}],"version-history":[{"count":2,"href":"https:\/\/www.megami.lt\/lv\/wp-json\/wp\/v2\/pages\/4569\/revisions"}],"predecessor-version":[{"id":4571,"href":"https:\/\/www.megami.lt\/lv\/wp-json\/wp\/v2\/pages\/4569\/revisions\/4571"}],"up":[{"embeddable":true,"href":"https:\/\/www.megami.lt\/lv\/wp-json\/wp\/v2\/pages\/4566"}],"wp:attachment":[{"href":"https:\/\/www.megami.lt\/lv\/wp-json\/wp\/v2\/media?parent=4569"}],"curies":[{"name":"wp","href":"https:\/\/api.w.org\/{rel}","templated":true}]}}