{"id":4578,"date":"2019-10-30T11:04:27","date_gmt":"2019-10-30T13:04:27","guid":{"rendered":"https:\/\/www.megami.lt\/proceduras\/proceduros-kunui\/"},"modified":"2024-08-09T11:24:03","modified_gmt":"2024-08-09T13:24:03","slug":"proceduros-kunui","status":"publish","type":"page","link":"https:\/\/www.megami.lt\/lv\/proceduras\/proceduros-kunui\/","title":{"rendered":"Proced\u016bros k\u016bnui"},"content":{"rendered":"<p>[et_pb_section fb_built=&#8221;1&#8243; _builder_version=&#8221;4.16&#8243; background_color=&#8221;#f5f5f5&#8243; min_height=&#8221;338px&#8221; custom_padding=&#8221;0px||0px|||&#8221; global_colors_info=&#8221;{}&#8221;][et_pb_row column_structure=&#8221;1_2,1_2&#8243; use_custom_gutter=&#8221;on&#8221; gutter_width=&#8221;1&#8243; make_equal=&#8221;on&#8221; _builder_version=&#8221;4.16&#8243; custom_padding=&#8221;0px||0px||true|&#8221; global_colors_info=&#8221;{}&#8221;][et_pb_column type=&#8221;1_2&#8243; _builder_version=&#8221;4.16&#8243; custom_padding=&#8221;|||&#8221; global_colors_info=&#8221;{}&#8221; custom_padding__hover=&#8221;|||&#8221;][et_pb_text _builder_version=&#8221;4.16&#8243; text_font=&#8221;||||||||&#8221; header_font=&#8221;||||||||&#8221; header_2_font=&#8221;||||||||&#8221; custom_padding=&#8221;40px|40px||40px|false|true&#8221; global_colors_info=&#8221;{}&#8221;]<\/p>\n<h2>\u0136erme\u0146a model\u0113\u0161ana ar GOMMING<\/h2>\n<p style=\"text-align: justify\">\u00a0<\/p>\n<p>\u0160\u012bs veidojo\u0161\u0101s mas\u0101\u017eas rezult\u0101ts ir stingra, m\u012bksta un gluda \u0101da. Un tas viss bez \u0137irurga skalpe\u013ca. GOMMING ir unik\u0101la pretcelul\u012bta proced\u016bra, kas satur hialuronsk\u0101bi, kura optimiz\u0113 mitruma l\u012bdzsvaru, un kolag\u0113nu, kas ir b\u016btisks \u0101das elast\u012bbai. GOMMING mas\u0101\u017ea ir pretcelul\u012bta proced\u016bra, \u0137erme\u0146a nostiprin\u0101\u0161anas mas\u0101\u017ea, kas ir piln\u012bgi \u0113rta, pat\u012bkama un nes\u0101p\u012bga. Pietiek tikai ar vienu proced\u016bru, lai J\u016bsu \u0101da k\u013c\u016btu tvirt\u0101ka. Jau p\u0113c vienas GOMMING elast\u012bg\u0101s mas\u0101\u017eas j\u016bs var\u0113siet baud\u012bt glud\u0101ku, skaist\u0101ku un tvirt\u0101ku \u0101du.<\/p>\n<p>Proced\u016bras ilgums &#8211; 60-70 min\u016btes.<\/p>\n<p style=\"text-align: justify\">\u00a0<\/p>\n<p>[\/et_pb_text][et_pb_text _builder_version=&#8221;4.16&#8243; text_font=&#8221;||||||||&#8221; header_font=&#8221;||||||||&#8221; header_2_font=&#8221;||||||||&#8221; custom_padding=&#8221;40px|40px||40px|false|true&#8221; global_colors_info=&#8221;{}&#8221;]<\/p>\n<h2>\u0136erme\u0146a nov\u0101j\u0113\u0161anas proced\u016bra FORTYTWO<\/h2>\n<p>Jauna nov\u0101j\u0113\u0161anas programma, kas nodro\u0161ina ide\u0101las \u0137erme\u0146a formas. Proced\u016bru programma bez stresa, kur\u0101 termoterapija un mas\u0101\u017ea apvienojum\u0101 ar arom\u0101tisko kosm\u0113tiku nodro\u0161ina t\u016bl\u012bt\u0113ju est\u0113tisku labsaj\u016btu.<\/p>\n<p>FORTYTWO darbojas \u010detros akt\u012bvas iedarb\u012bbas posmos:<br \/>Pirmais posms: akt\u012bva \u0137erme\u0146a p\u012blinga proced\u016bra.<br \/>Otrais posms: Reaktiv\u0113jo\u0161a emulsijas \u017eeleja.<br \/>posms: lipol\u012btiska iedarb\u012bba<br \/>Termodinamisk\u0101 \u0101da<br \/>posms: akt\u012bv\u0101 emulsija<\/p>\n<p>\u0160\u012b ir efekt\u012bva iet\u012b\u0161anas proced\u016bra, kas skaisti veido \u0137ermeni un uzlabo \u0101das izskatu. Proced\u016bra nosl\u0113dzas ar pretcelul\u012bta mas\u0101\u017eu.<br \/>Nov\u0101j\u0113\u0161anas programmu ieteicams apvienot ar sabalans\u0113tu uzturu un sportu.<\/p>\n<p>Proced\u016bras ilgums &#8211; 60 min\u016btes.<\/p>\n<p>[\/et_pb_text][\/et_pb_column][et_pb_column type=&#8221;1_2&#8243; _builder_version=&#8221;4.16&#8243; custom_padding=&#8221;|||&#8221; global_colors_info=&#8221;{}&#8221; custom_padding__hover=&#8221;|||&#8221;][et_pb_text _builder_version=&#8221;4.16&#8243; text_font=&#8221;||||||||&#8221; header_font=&#8221;||||||||&#8221; header_2_font=&#8221;||||||||&#8221; custom_padding=&#8221;40px|40px||40px|false|true&#8221; global_colors_info=&#8221;{}&#8221;]<\/p>\n<p>\u00a0<strong style=\"font-size: 26px\">\u0136erme\u0146a skrubis un dzi\u013ca \u0101das mitrin\u0101\u0161ana STRATOSOTTILE<\/strong><\/p>\n<p>\u0160\u012b ir \u013coti pat\u012bkama visa \u0137erme\u0146a p\u012blinga proced\u016bra, kas lieliski noloba un att\u012bra \u0101du, pa\u0101trina \u0101das atjauno\u0161anos un uzlabo elast\u012bbu. Skrubja galven\u0101s \u012bpa\u0161\u012bbas aktiviz\u0113 \u0101das barojo\u0161\u0101s funkcijas, samazina t\u016bsku veido\u0161anos, toniz\u0113 un padara \u0137ermeni slaid\u0101ku. J\u016bras da\u013ci\u0146as stimul\u0113 \u0101du, aktiviz\u0113jot visp\u0101r\u0113jo baro\u0161anas procesu vis\u0101 \u0101das virsm\u0101 un redzami to nostiepjot.<\/p>\n<p>&nbsp;<\/p>\n<p>&nbsp;<\/p>\n<p>&nbsp;<\/p>\n<p>&nbsp;<\/p>\n<p>Proced\u016bras ilgums &#8211; 60 min.<\/p>\n<p>[\/et_pb_text][et_pb_text _builder_version=&#8221;4.16&#8243; text_font=&#8221;||||||||&#8221; header_font=&#8221;||||||||&#8221; header_2_font=&#8221;||||||||&#8221; custom_padding=&#8221;40px|40px||40px|false|true&#8221; global_colors_info=&#8221;{}&#8221;]<\/p>\n<p style=\"text-align: left\"><strong style=\"font-size: 26px\">CENTO per CENTO antioksidanta proced\u016bra \u0137ermenim<\/strong><\/p>\n<p>C\u012b\u0146a pret br\u012bvajiem radik\u0101\u013ciem! \u0100da ir \u012bpa\u0161i pak\u013cauta priek\u0161laic\u012bgai noveco\u0161anai, ko izraisa oksidat\u012bvais stress. Dab\u012bg\u0101 un smar\u017e\u012bg\u0101 Centopercento proced\u016bra ir sadal\u012bta divos posmos: p\u012blings un mas\u0101\u017ea. T\u0101 c\u012bn\u0101s pret oksidat\u012bvo stresu, veicina v\u0113nu atgrie\u0161anos un stimul\u0113 tauku katabolismu, pie\u0161\u0137irot \u0101dai jaunu un aizraujo\u0161u plazmu.<br \/>&#8220;Anan\u0101su \u0137erme\u0146a kr\u0113ma sast\u0101v\u0101 ir dabiskas molekulas, kas ieg\u016btas no anan\u0101siem, kafijas un tokoferoliem, kas aizsarg\u0101 un uzlabo \u0101das kvalit\u0101ti un funkcionalit\u0101ti. Bromel\u012bns ir galvenais anan\u0101sa sast\u0101v\u0101 eso\u0161ais enz\u012bms ar pretiekaisuma un t\u016bskas \u012bpa\u0161\u012bb\u0101m; tas mazina \u016bdens aizturi vai traumatisko t\u016bsku, k\u0101 ar\u012b siner\u0123ij\u0101 ar kofe\u012bnu tam piem\u012bt galven\u0101 atjaunojo\u0161\u0101 iedarb\u012bba uz taukaudu plankumiem. &#8220;Centopercento&#8221; &#8211; kosm\u0113tikas l\u012bnija, kas nav \u016bdensnecaurlaid\u012bga un, pateicoties t\u0101s sast\u0101vam, \u013cauj \u0101dai elpot, stimul\u0113jot t\u0101s vielmai\u0146u.<\/p>\n<p>Proced\u016bras ilgums: 60 min\u016btes.<\/p>\n<p>[\/et_pb_text][\/et_pb_column][\/et_pb_row][et_pb_row column_structure=&#8221;1_2,1_2&#8243; use_custom_gutter=&#8221;on&#8221; gutter_width=&#8221;1&#8243; make_equal=&#8221;on&#8221; _builder_version=&#8221;4.16&#8243; custom_padding=&#8221;0px||0px||true|&#8221; global_colors_info=&#8221;{}&#8221;][et_pb_column type=&#8221;1_2&#8243; _builder_version=&#8221;4.16&#8243; custom_padding=&#8221;|||&#8221; global_colors_info=&#8221;{}&#8221; custom_padding__hover=&#8221;|||&#8221;][et_pb_text _builder_version=&#8221;4.16&#8243; text_font=&#8221;||||||||&#8221; header_font=&#8221;||||||||&#8221; header_2_font=&#8221;||||||||&#8221; custom_padding=&#8221;40px|40px||40px||true&#8221; global_colors_info=&#8221;{}&#8221;]<\/p>\n<h2>N\u0101ves j\u016bras \u0137erme\u0146a talasoterapija I SALINI<\/h2>\n<p style=\"text-align: justify\">\u00a0<\/p>\n<p>Tas c\u012bn\u0101s pret celul\u012btu un \u016bdens nogulsn\u0113m. The Aesthetic Project ir laidis klaj\u0101 efekt\u012bvu produktu, kas ar N\u0101ves j\u016bras \u016bdens pal\u012bdz\u012bbu pal\u012bdz bag\u0101tin\u0101t \u0101das audus ar sk\u0101bekli un atjaunot tos. N\u0101ves j\u016bras s\u0101ls darbojas k\u0101 osmozes l\u012bdzeklis, stimul\u0113jot limfodren\u0101\u017eu, pal\u012bdzot izvad\u012bt uzkr\u0101ju\u0161os \u0161\u0137idrumu un efekt\u012bvi apkarojot celul\u012bta veido\u0161anos.<\/p>\n<p>Proced\u016br\u0101 tiek izmantots N\u0101ves j\u016bras s\u0101ls, s\u0101ls sviesta skrubis, j\u016bras a\u013c\u0123u serums, dren\u0113jo\u0161ais s\u0101ls sviests, j\u016bras ozola koncentr\u0101ts un dren\u0113jo\u0161ais osmotiskais kr\u0113ms.<\/p>\n<p>Lai sasniegtu v\u0113lamo efektu, ieteicams veikt 3-12 proced\u016bru kursu (1-2 reizes ned\u0113\u013c\u0101).<\/p>\n<p>Proced\u016bras ilgums &#8211; 90 min.<\/p>\n<p style=\"text-align: justify\">\u00a0<\/p>\n<p>[\/et_pb_text][\/et_pb_column][et_pb_column type=&#8221;1_2&#8243; _builder_version=&#8221;4.16&#8243; custom_padding=&#8221;|||&#8221; global_colors_info=&#8221;{}&#8221; custom_padding__hover=&#8221;|||&#8221;][et_pb_text _builder_version=&#8221;4.16&#8243; text_font=&#8221;||||||||&#8221; header_font=&#8221;||||||||&#8221; header_2_font=&#8221;||||||||&#8221; custom_padding=&#8221;40px|40px||40px||true&#8221; global_colors_info=&#8221;{}&#8221;]<\/p>\n<h2 style=\"text-align: justify\">V\u0113dera \u0101das programma<br \/>Oronympha Addomen<\/h2>\n<p>\u0160\u012b ir jauna strat\u0113\u0123ija v\u0113dera un viduk\u013ca formas veido\u0161anai. T\u0101 ir v\u0113dera samazin\u0101\u0161anas proced\u016bra, v\u0113dera formas veido\u0161ana. Jau p\u0113c pirm\u0101s proced\u016bras var redz\u0113t efektu. Oronympha Addomen ir \u0137erme\u0146a kop\u0161anas programma, lai c\u012bn\u012btos ar viet\u0113j\u0101m tauku nogulsn\u0113m, \u0161\u0137idruma uzkr\u0101\u0161anos un uzlabotu \u0101das elast\u012bbu. \u012apa\u0161i aktu\u0101la p\u0113c gr\u016btniec\u012bbas un striju par\u0101d\u012b\u0161an\u0101s, ja ir bijis p\u0113k\u0161\u0146s svara pieaugums &#8211; zudums.<\/p>\n<p>Proced\u016bra stimul\u0113 tauku \u0161\u016bnu vielmai\u0146u, stimul\u0113 lipol\u012bzi, p\u0101rstruktur\u0113 epidermas audus un iev\u0113rojami uzlabo \u0101das elast\u012bbu.<\/p>\n<p>P\u0113c proced\u016bras tiek veikta v\u0113dera formu veidojo\u0161a mas\u0101\u017ea.<\/p>\n<p>&nbsp;<\/p>\n<p>&nbsp;<\/p>\n<p>&nbsp;<\/p>\n<p>&nbsp;<\/p>\n<p>Proced\u016bras ilgums ir 50 min\u016btes.<\/p>\n<p style=\"text-align: justify\">\u00a0<\/p>\n<p>[\/et_pb_text][\/et_pb_column][\/et_pb_row][et_pb_row column_structure=&#8221;1_2,1_2&#8243; use_custom_gutter=&#8221;on&#8221; gutter_width=&#8221;1&#8243; make_equal=&#8221;on&#8221; _builder_version=&#8221;4.16&#8243; custom_padding=&#8221;0px||0px||true|&#8221; global_colors_info=&#8221;{}&#8221;][et_pb_column type=&#8221;1_2&#8243; _builder_version=&#8221;4.16&#8243; custom_padding=&#8221;|||&#8221; global_colors_info=&#8221;{}&#8221; custom_padding__hover=&#8221;|||&#8221;][et_pb_text _builder_version=&#8221;4.16&#8243; custom_padding=&#8221;40px|40px||40px||true&#8221; global_colors_info=&#8221;{}&#8221;]<\/p>\n<h2>ORONYMPHA BODY\u00a0 \u00a0 \u00a0 \u00a0 \u00a0 Juodosios kavos proced\u016bra<\/h2>\n<p style=\"text-align: justify\">Tai lipolitinis, skys\u010dius \u0161alinantis, liekninatis poveikis.\u00a0Kofeinas ciclodekstrinuose \u2013 stimuliuoja, drenuoja od\u0105, suteikia lipolitin\u012f poveik\u012f.\u00a0Gydomasis intensyvaus poveikio koncentratas naudojamas naikinti celiulito sankaupas.\u00a0Koreguoja odos defektus, kurie yra celiulito ir vietini\u0173 riebal\u0173 sankaup\u0173 padariniai. Padeda pasi\u0161alinti u\u017esilaikiusiems skys\u010diams.\u00a0Kofeinas stimuliuoja riebalini\u0173 l\u0105steli\u0173 metabolizm\u0105, riebal\u0173 lipoliz\u0119, paver\u010dia juos glicerinu ir riebiosiomis r\u016bg\u0161timis ir padeda pa\u0161alinti i\u0161 organizmo. Lipolitinio poveikio efektas yra susikaupusi\u0173<br \/>tarpini\u0173 skys\u010di\u0173 pa\u0161alinimas.<br \/>Patariama daryti nuo 3 iki 12 proced\u016br\u0173.<\/p>\n<p style=\"text-align: justify\">Proced\u016bros trukm\u0117 &#8211; 90 min.<\/p>\n<p style=\"text-align: justify\">\u00a0<\/p>\n<p style=\"text-align: justify\">\u00a0<\/p>\n<p>[\/et_pb_text][\/et_pb_column][et_pb_column type=&#8221;1_2&#8243; _builder_version=&#8221;4.16&#8243; custom_padding=&#8221;|||&#8221; global_colors_info=&#8221;{}&#8221; custom_padding__hover=&#8221;|||&#8221;][et_pb_text _builder_version=&#8221;4.16&#8243; custom_padding=&#8221;40px|40px||40px||true&#8221; global_colors_info=&#8221;{}&#8221;]<\/p>\n<h2>Iesai\u0146o\u0161anas proced\u016bras ar BANTAGE<\/h2>\n<p style=\"text-align: justify\">\u00a0<\/p>\n<p>Tas veido \u0137ermeni un mitrina \u0101du, c\u012bn\u0101s pret celul\u012btu! Proced\u016bras laik\u0101 tiek izmantoti \u0137erme\u0146a p\u0101rs\u0113ji un aerosoli, lai atbalst\u012btu, nosusin\u0101tu, paceltu un mas\u0113tu \u0137ermeni. Kokvilnas Roll Shape bintas tiek izmantotas, lai model\u0113tu, mitrin\u0101tu un nostiprin\u0101tu \u0137ermeni. Ikdienas \u0101das kop\u0161anai ir pieejami ar\u012b roll formas aerosoli. <br \/>Kosm\u0113tika ir dabiska, ra\u017eota no dabas, bez silikoniem un propil\u0113na. <br \/>\u0136erme\u0146a zonas: var iet\u012bt visu \u0137ermeni vai tikai te\u013cus, aug\u0161stilbus, s\u0113\u017eamvietu un v\u0113deru. Proced\u016bras nosl\u0113gum\u0101 uzkl\u0101j mas\u0101\u017eas kr\u0113mu un veic pretcelul\u012bta mas\u0101\u017eu.<\/p>\n<p>Proced\u016bras ilgums &#8211; 60 min\u016btes.<\/p>\n<p style=\"text-align: justify\">\u00a0<\/p>\n<p>[\/et_pb_text][\/et_pb_column][\/et_pb_row][\/et_pb_section]<\/p>\n","protected":false},"excerpt":{"rendered":"<p>\u0136erme\u0146a model\u0113\u0161ana ar GOMMING \u00a0 \u0160\u012bs veidojo\u0161\u0101s mas\u0101\u017eas rezult\u0101ts ir stingra, m\u012bksta un gluda \u0101da. Un tas viss bez \u0137irurga skalpe\u013ca. GOMMING ir unik\u0101la pretcelul\u012bta proced\u016bra, kas satur hialuronsk\u0101bi, kura optimiz\u0113 mitruma l\u012bdzsvaru, un kolag\u0113nu, kas ir b\u016btisks \u0101das elast\u012bbai. GOMMING mas\u0101\u017ea ir pretcelul\u012bta proced\u016bra, \u0137erme\u0146a nostiprin\u0101\u0161anas mas\u0101\u017ea, kas ir piln\u012bgi \u0113rta, pat\u012bkama un nes\u0101p\u012bga. [&hellip;]<\/p>\n","protected":false},"author":1,"featured_media":0,"parent":4566,"menu_order":0,"comment_status":"closed","ping_status":"closed","template":"","meta":{"_et_pb_use_builder":"on","_et_pb_old_content":"","_et_gb_content_width":"","footnotes":""},"class_list":["post-4578","page","type-page","status-publish","hentry"],"yoast_head":"<!-- This site is optimized with the Yoast SEO plugin v27.3 - https:\/\/yoast.com\/product\/yoast-seo-wordpress\/ -->\n<title>Proced\u016bros k\u016bnui - Megami<\/title>\n<meta name=\"robots\" content=\"index, follow, max-snippet:-1, max-image-preview:large, max-video-preview:-1\" \/>\n<link rel=\"canonical\" href=\"https:\/\/www.megami.lt\/lv\/proceduras\/proceduros-kunui\/\" \/>\n<meta property=\"og:locale\" content=\"lv_LV\" \/>\n<meta property=\"og:type\" content=\"article\" \/>\n<meta property=\"og:title\" content=\"Proced\u016bros k\u016bnui - Megami\" \/>\n<meta property=\"og:description\" content=\"\u0136erme\u0146a model\u0113\u0161ana ar GOMMING \u00a0 \u0160\u012bs veidojo\u0161\u0101s mas\u0101\u017eas rezult\u0101ts ir stingra, m\u012bksta un gluda \u0101da. Un tas viss bez \u0137irurga skalpe\u013ca. GOMMING ir unik\u0101la pretcelul\u012bta proced\u016bra, kas satur hialuronsk\u0101bi, kura optimiz\u0113 mitruma l\u012bdzsvaru, un kolag\u0113nu, kas ir b\u016btisks \u0101das elast\u012bbai. GOMMING mas\u0101\u017ea ir pretcelul\u012bta proced\u016bra, \u0137erme\u0146a nostiprin\u0101\u0161anas mas\u0101\u017ea, kas ir piln\u012bgi \u0113rta, pat\u012bkama un nes\u0101p\u012bga. [&hellip;]\" \/>\n<meta property=\"og:url\" content=\"https:\/\/www.megami.lt\/lv\/proceduras\/proceduros-kunui\/\" \/>\n<meta property=\"og:site_name\" content=\"Megami\" \/>\n<meta property=\"article:publisher\" content=\"https:\/\/www.facebook.com\/Megamistudija\" \/>\n<meta property=\"article:modified_time\" content=\"2024-08-09T13:24:03+00:00\" \/>\n<meta property=\"og:image\" content=\"https:\/\/www.megami.lt\/wp-content\/uploads\/2025\/07\/megami.jpeg\" \/>\n\t<meta property=\"og:image:width\" content=\"1920\" \/>\n\t<meta property=\"og:image:height\" content=\"1080\" \/>\n\t<meta property=\"og:image:type\" content=\"image\/jpeg\" \/>\n<meta name=\"twitter:card\" content=\"summary_large_image\" \/>\n<meta name=\"twitter:label1\" content=\"Est. reading time\" \/>\n\t<meta name=\"twitter:data1\" content=\"7 minutes\" \/>\n<script type=\"application\/ld+json\" class=\"yoast-schema-graph\">{\"@context\":\"https:\\\/\\\/schema.org\",\"@graph\":[{\"@type\":\"WebPage\",\"@id\":\"https:\\\/\\\/www.megami.lt\\\/lv\\\/proceduras\\\/proceduros-kunui\\\/\",\"url\":\"https:\\\/\\\/www.megami.lt\\\/lv\\\/proceduras\\\/proceduros-kunui\\\/\",\"name\":\"Proced\u016bros k\u016bnui - Megami\",\"isPartOf\":{\"@id\":\"https:\\\/\\\/www.megami.lt\\\/#website\"},\"datePublished\":\"2019-10-30T13:04:27+00:00\",\"dateModified\":\"2024-08-09T13:24:03+00:00\",\"breadcrumb\":{\"@id\":\"https:\\\/\\\/www.megami.lt\\\/lv\\\/proceduras\\\/proceduros-kunui\\\/#breadcrumb\"},\"inLanguage\":\"lv-LV\",\"potentialAction\":[{\"@type\":\"ReadAction\",\"target\":[\"https:\\\/\\\/www.megami.lt\\\/lv\\\/proceduras\\\/proceduros-kunui\\\/\"]}]},{\"@type\":\"BreadcrumbList\",\"@id\":\"https:\\\/\\\/www.megami.lt\\\/lv\\\/proceduras\\\/proceduros-kunui\\\/#breadcrumb\",\"itemListElement\":[{\"@type\":\"ListItem\",\"position\":1,\"name\":\"Home\",\"item\":\"https:\\\/\\\/www.megami.lt\\\/lv\\\/\"},{\"@type\":\"ListItem\",\"position\":2,\"name\":\"Proced\u016bras\",\"item\":\"https:\\\/\\\/www.megami.lt\\\/lv\\\/proceduras\\\/\"},{\"@type\":\"ListItem\",\"position\":3,\"name\":\"Proced\u016bros k\u016bnui\"}]},{\"@type\":\"WebSite\",\"@id\":\"https:\\\/\\\/www.megami.lt\\\/#website\",\"url\":\"https:\\\/\\\/www.megami.lt\\\/\",\"name\":\"Megami\",\"description\":\"Masa\u017eo ir gro\u017eio namai\",\"publisher\":{\"@id\":\"https:\\\/\\\/www.megami.lt\\\/#organization\"},\"potentialAction\":[{\"@type\":\"SearchAction\",\"target\":{\"@type\":\"EntryPoint\",\"urlTemplate\":\"https:\\\/\\\/www.megami.lt\\\/?s={search_term_string}\"},\"query-input\":{\"@type\":\"PropertyValueSpecification\",\"valueRequired\":true,\"valueName\":\"search_term_string\"}}],\"inLanguage\":\"lv-LV\"},{\"@type\":\"Organization\",\"@id\":\"https:\\\/\\\/www.megami.lt\\\/#organization\",\"name\":\"Megami\",\"url\":\"https:\\\/\\\/www.megami.lt\\\/\",\"logo\":{\"@type\":\"ImageObject\",\"inLanguage\":\"lv-LV\",\"@id\":\"https:\\\/\\\/www.megami.lt\\\/#\\\/schema\\\/logo\\\/image\\\/\",\"url\":\"https:\\\/\\\/www.megami.lt\\\/wp-content\\\/uploads\\\/2022\\\/06\\\/cropped-M-logo.png\",\"contentUrl\":\"https:\\\/\\\/www.megami.lt\\\/wp-content\\\/uploads\\\/2022\\\/06\\\/cropped-M-logo.png\",\"width\":512,\"height\":512,\"caption\":\"Megami\"},\"image\":{\"@id\":\"https:\\\/\\\/www.megami.lt\\\/#\\\/schema\\\/logo\\\/image\\\/\"},\"sameAs\":[\"https:\\\/\\\/www.facebook.com\\\/Megamistudija\"]}]}<\/script>\n<!-- \/ Yoast SEO plugin. -->","yoast_head_json":{"title":"Proced\u016bros k\u016bnui - Megami","robots":{"index":"index","follow":"follow","max-snippet":"max-snippet:-1","max-image-preview":"max-image-preview:large","max-video-preview":"max-video-preview:-1"},"canonical":"https:\/\/www.megami.lt\/lv\/proceduras\/proceduros-kunui\/","og_locale":"lv_LV","og_type":"article","og_title":"Proced\u016bros k\u016bnui - Megami","og_description":"\u0136erme\u0146a model\u0113\u0161ana ar GOMMING \u00a0 \u0160\u012bs veidojo\u0161\u0101s mas\u0101\u017eas rezult\u0101ts ir stingra, m\u012bksta un gluda \u0101da. Un tas viss bez \u0137irurga skalpe\u013ca. GOMMING ir unik\u0101la pretcelul\u012bta proced\u016bra, kas satur hialuronsk\u0101bi, kura optimiz\u0113 mitruma l\u012bdzsvaru, un kolag\u0113nu, kas ir b\u016btisks \u0101das elast\u012bbai. GOMMING mas\u0101\u017ea ir pretcelul\u012bta proced\u016bra, \u0137erme\u0146a nostiprin\u0101\u0161anas mas\u0101\u017ea, kas ir piln\u012bgi \u0113rta, pat\u012bkama un nes\u0101p\u012bga. [&hellip;]","og_url":"https:\/\/www.megami.lt\/lv\/proceduras\/proceduros-kunui\/","og_site_name":"Megami","article_publisher":"https:\/\/www.facebook.com\/Megamistudija","article_modified_time":"2024-08-09T13:24:03+00:00","og_image":[{"width":1920,"height":1080,"url":"https:\/\/www.megami.lt\/wp-content\/uploads\/2025\/07\/megami.jpeg","type":"image\/jpeg"}],"twitter_card":"summary_large_image","twitter_misc":{"Est. reading time":"7 minutes"},"schema":{"@context":"https:\/\/schema.org","@graph":[{"@type":"WebPage","@id":"https:\/\/www.megami.lt\/lv\/proceduras\/proceduros-kunui\/","url":"https:\/\/www.megami.lt\/lv\/proceduras\/proceduros-kunui\/","name":"Proced\u016bros k\u016bnui - Megami","isPartOf":{"@id":"https:\/\/www.megami.lt\/#website"},"datePublished":"2019-10-30T13:04:27+00:00","dateModified":"2024-08-09T13:24:03+00:00","breadcrumb":{"@id":"https:\/\/www.megami.lt\/lv\/proceduras\/proceduros-kunui\/#breadcrumb"},"inLanguage":"lv-LV","potentialAction":[{"@type":"ReadAction","target":["https:\/\/www.megami.lt\/lv\/proceduras\/proceduros-kunui\/"]}]},{"@type":"BreadcrumbList","@id":"https:\/\/www.megami.lt\/lv\/proceduras\/proceduros-kunui\/#breadcrumb","itemListElement":[{"@type":"ListItem","position":1,"name":"Home","item":"https:\/\/www.megami.lt\/lv\/"},{"@type":"ListItem","position":2,"name":"Proced\u016bras","item":"https:\/\/www.megami.lt\/lv\/proceduras\/"},{"@type":"ListItem","position":3,"name":"Proced\u016bros k\u016bnui"}]},{"@type":"WebSite","@id":"https:\/\/www.megami.lt\/#website","url":"https:\/\/www.megami.lt\/","name":"Megami","description":"Masa\u017eo ir gro\u017eio namai","publisher":{"@id":"https:\/\/www.megami.lt\/#organization"},"potentialAction":[{"@type":"SearchAction","target":{"@type":"EntryPoint","urlTemplate":"https:\/\/www.megami.lt\/?s={search_term_string}"},"query-input":{"@type":"PropertyValueSpecification","valueRequired":true,"valueName":"search_term_string"}}],"inLanguage":"lv-LV"},{"@type":"Organization","@id":"https:\/\/www.megami.lt\/#organization","name":"Megami","url":"https:\/\/www.megami.lt\/","logo":{"@type":"ImageObject","inLanguage":"lv-LV","@id":"https:\/\/www.megami.lt\/#\/schema\/logo\/image\/","url":"https:\/\/www.megami.lt\/wp-content\/uploads\/2022\/06\/cropped-M-logo.png","contentUrl":"https:\/\/www.megami.lt\/wp-content\/uploads\/2022\/06\/cropped-M-logo.png","width":512,"height":512,"caption":"Megami"},"image":{"@id":"https:\/\/www.megami.lt\/#\/schema\/logo\/image\/"},"sameAs":["https:\/\/www.facebook.com\/Megamistudija"]}]}},"_links":{"self":[{"href":"https:\/\/www.megami.lt\/lv\/wp-json\/wp\/v2\/pages\/4578","targetHints":{"allow":["GET"]}}],"collection":[{"href":"https:\/\/www.megami.lt\/lv\/wp-json\/wp\/v2\/pages"}],"about":[{"href":"https:\/\/www.megami.lt\/lv\/wp-json\/wp\/v2\/types\/page"}],"author":[{"embeddable":true,"href":"https:\/\/www.megami.lt\/lv\/wp-json\/wp\/v2\/users\/1"}],"replies":[{"embeddable":true,"href":"https:\/\/www.megami.lt\/lv\/wp-json\/wp\/v2\/comments?post=4578"}],"version-history":[{"count":2,"href":"https:\/\/www.megami.lt\/lv\/wp-json\/wp\/v2\/pages\/4578\/revisions"}],"predecessor-version":[{"id":4580,"href":"https:\/\/www.megami.lt\/lv\/wp-json\/wp\/v2\/pages\/4578\/revisions\/4580"}],"up":[{"embeddable":true,"href":"https:\/\/www.megami.lt\/lv\/wp-json\/wp\/v2\/pages\/4566"}],"wp:attachment":[{"href":"https:\/\/www.megami.lt\/lv\/wp-json\/wp\/v2\/media?parent=4578"}],"curies":[{"name":"wp","href":"https:\/\/api.w.org\/{rel}","templated":true}]}}